{"id":14613,"date":"2025-08-16T00:02:34","date_gmt":"2025-08-16T00:02:34","guid":{"rendered":"https:\/\/system-flow.com\/?page_id=14613"},"modified":"2025-09-17T19:46:59","modified_gmt":"2025-09-17T19:46:59","slug":"contact","status":"publish","type":"page","link":"https:\/\/system-flow.com\/hr\/contact\/","title":{"rendered":"Contact"},"content":{"rendered":"<div data-elementor-type=\"wp-page\" data-elementor-id=\"14613\" class=\"elementor elementor-14613\">\n\t\t\t\t<div class=\"elementor-element elementor-element-03833b3 e-flex e-con-boxed e-con e-parent\" data-id=\"03833b3\" data-element_type=\"container\" data-e-type=\"container\" data-settings=\"{&quot;background_background&quot;:&quot;gradient&quot;}\">\n\t\t\t\t\t<div class=\"e-con-inner\">\n\t\t<div class=\"elementor-element elementor-element-e752999 e-con-full e-flex e-con e-child\" data-id=\"e752999\" data-element_type=\"container\" data-e-type=\"container\">\n\t\t\t\t<div class=\"elementor-element elementor-element-7d679c2 elementor-widget elementor-widget-trimprim-title-v1\" data-id=\"7d679c2\" data-element_type=\"widget\" data-e-type=\"widget\" data-widget_type=\"trimprim-title-v1.default\">\n\t\t\t\t<div class=\"elementor-widget-container\">\n\t\t\t\t\t \r\n<div class=\"title_all_box d_flex style_one dark_color\">\r\n           \r\n        <div class=\"sub_title\"> \r\n            <div class=\"d_inline_flex font-16 mb_15\">\r\n         \r\n         JUST CONTACT US        <\/div>\r\n        <\/div>\r\n        \r\n    <\/div>\r\n\t\t\t\t<\/div>\n\t\t\t\t<\/div>\n\t\t\t\t<div class=\"elementor-element elementor-element-d20ea98 elementor-widget elementor-widget-trimprim-title-v2-split\" data-id=\"d20ea98\" data-element_type=\"widget\" data-e-type=\"widget\" data-widget_type=\"trimprim-title-v2-split.default\">\n\t\t\t\t<div class=\"elementor-widget-container\">\n\t\t\t\t\t \n<div class=\"title_all_box d_flex dark_color\">\n            <h2 \n            class=\"font-54 animated-title_dark_color mb_0 animated-title\"\n            data-type=\"type_one\">\n            \n                                                <span class=\"typone\">\nWe\u2019d Love To Help You<\/span>\n                                    <\/h2>\n    <\/div>\n\n\t\t\t\t<\/div>\n\t\t\t\t<\/div>\n\t\t\t\t<\/div>\n\t\t<div class=\"elementor-element elementor-element-6040ce0 e-con-full e-flex e-con e-child\" data-id=\"6040ce0\" data-element_type=\"container\" data-e-type=\"container\">\n\t\t<div class=\"elementor-element elementor-element-cce4b59 e-con-full e-flex e-con e-child\" data-id=\"cce4b59\" data-element_type=\"container\" data-e-type=\"container\" data-settings=\"{&quot;background_background&quot;:&quot;classic&quot;}\">\n\t\t\t\t<div class=\"elementor-element elementor-element-6c195a6 elementor-widget elementor-widget-trimprim-title-v1\" data-id=\"6c195a6\" data-element_type=\"widget\" data-e-type=\"widget\" data-widget_type=\"trimprim-title-v1.default\">\n\t\t\t\t<div class=\"elementor-widget-container\">\n\t\t\t\t\t \r\n<div class=\"title_all_box d_flex style_two dark_color\">\r\n            <h5 class=\"font-54  mb_0\">Address<\/h5>\r\n        <\/div>\r\n\t\t\t\t<\/div>\n\t\t\t\t<\/div>\n\t\t\t\t<div class=\"elementor-element elementor-element-6b08d94 elementor-widget elementor-widget-trimprim-extra-items-v1\" data-id=\"6b08d94\" data-element_type=\"widget\" data-e-type=\"widget\" data-widget_type=\"trimprim-extra-items-v1.default\">\n\t\t\t\t<div class=\"elementor-widget-container\">\n\t\t\t\t\t \n    <div class=\"header_contact type_one address d_flex align-items-center\">\n                                                    <div class=\"icons\">\n                    <span class=\"coreits-pin-1\"><\/span>\n                <\/div>\n                                <div class=\"content\">\n                    <span class=\"font-18 color-dark\">\nVisit <\/span>\n                            <p class=\"text-18\"> Croatia, Zagreb <\/p>\n            <\/div>\n<\/div>\n\t\t\t\t<\/div>\n\t\t\t\t<\/div>\n\t\t\t\t<\/div>\n\t\t\t\t<\/div>\n\t\t<div class=\"elementor-element elementor-element-558dc1a e-con-full e-flex e-con e-child\" data-id=\"558dc1a\" data-element_type=\"container\" data-e-type=\"container\">\n\t\t<div class=\"elementor-element elementor-element-cc02c6a e-con-full e-flex e-con e-child\" data-id=\"cc02c6a\" data-element_type=\"container\" data-e-type=\"container\" data-settings=\"{&quot;background_background&quot;:&quot;classic&quot;}\">\n\t\t\t\t<div class=\"elementor-element elementor-element-4827af6 elementor-widget elementor-widget-trimprim-title-v1\" data-id=\"4827af6\" data-element_type=\"widget\" data-e-type=\"widget\" data-widget_type=\"trimprim-title-v1.default\">\n\t\t\t\t<div class=\"elementor-widget-container\">\n\t\t\t\t\t \r\n<div class=\"title_all_box d_flex style_two dark_color\">\r\n            <h5 class=\"font-54  mb_0\">Send a Mail<\/h5>\r\n        <\/div>\r\n\t\t\t\t<\/div>\n\t\t\t\t<\/div>\n\t\t\t\t<div class=\"elementor-element elementor-element-a7bc89f elementor-widget elementor-widget-trimprim-extra-items-v1\" data-id=\"a7bc89f\" data-element_type=\"widget\" data-e-type=\"widget\" data-widget_type=\"trimprim-extra-items-v1.default\">\n\t\t\t\t<div class=\"elementor-widget-container\">\n\t\t\t\t\t \n    <div class=\"header_contact type_one d_flex align-items-center\">\n                                                    <div class=\"icons d_flex\">\n                    <span class=\"coreits-email11\"><\/span>\n                <\/div>\n                                <div class=\"content\">\n                    <span class=\"font-18 color-dark\">\nDont\u2019s hesitate to mail\n\n\n\n <\/span>\n                            <a href=\"mailto:support@creote.com\"  class=\"text-18\"> info@systemflow.com <\/a>\n            <\/div>\n<\/div>\n\t\t\t\t<\/div>\n\t\t\t\t<\/div>\n\t\t\t\t<\/div>\n\t\t\t\t<\/div>\n\t\t<div class=\"elementor-element elementor-element-4d7c017 e-con-full e-flex e-con e-child\" data-id=\"4d7c017\" data-element_type=\"container\" data-e-type=\"container\">\n\t\t<div class=\"elementor-element elementor-element-1d617b1 e-con-full e-flex e-con e-child\" data-id=\"1d617b1\" data-element_type=\"container\" data-e-type=\"container\" data-settings=\"{&quot;background_background&quot;:&quot;classic&quot;}\">\n\t\t\t\t<div class=\"elementor-element elementor-element-0c5b736 elementor-widget elementor-widget-trimprim-title-v1\" data-id=\"0c5b736\" data-element_type=\"widget\" data-e-type=\"widget\" data-widget_type=\"trimprim-title-v1.default\">\n\t\t\t\t<div class=\"elementor-widget-container\">\n\t\t\t\t\t \r\n<div class=\"title_all_box d_flex style_two dark_color\">\r\n            <h5 class=\"font-54  mb_0\">Make a Call<\/h5>\r\n        <\/div>\r\n\t\t\t\t<\/div>\n\t\t\t\t<\/div>\n\t\t\t\t<div class=\"elementor-element elementor-element-364c9f6 elementor-widget elementor-widget-trimprim-extra-items-v1\" data-id=\"364c9f6\" data-element_type=\"widget\" data-e-type=\"widget\" data-widget_type=\"trimprim-extra-items-v1.default\">\n\t\t\t\t<div class=\"elementor-widget-container\">\n\t\t\t\t\t \n    <div class=\"header_contact type_one d_flex align-items-center\">\n                                                    <div class=\"icons d_flex\">\n                    <span class=\"coreits-phone-call1\"><\/span>\n                <\/div>\n                                <div class=\"content\">\n                    <span class=\"font-18 color-dark\">\nLet\u2019s talk with our experts <\/span>\n                            <a href=\"tel:+385957159080\" class=\"text-18\"> +385957159080 <\/a>\n            <\/div>\n<\/div>\n\t\t\t\t<\/div>\n\t\t\t\t<\/div>\n\t\t\t\t<\/div>\n\t\t\t\t<\/div>\n\t\t\t\t\t<\/div>\n\t\t\t\t<\/div>\n\t\t<div class=\"elementor-element elementor-element-44aa0ef e-flex e-con-boxed e-con e-parent\" data-id=\"44aa0ef\" data-element_type=\"container\" data-e-type=\"container\">\n\t\t\t\t\t<div class=\"e-con-inner\">\n\t\t<div class=\"elementor-element elementor-element-f4d9f1f e-con-full e-flex e-con e-child\" data-id=\"f4d9f1f\" data-element_type=\"container\" data-e-type=\"container\" data-settings=\"{&quot;background_background&quot;:&quot;gradient&quot;}\">\n\t\t\t\t<div class=\"elementor-element elementor-element-2d5b838 elementor-widget elementor-widget-trimprim-title-v2-split\" data-id=\"2d5b838\" data-element_type=\"widget\" data-e-type=\"widget\" data-widget_type=\"trimprim-title-v2-split.default\">\n\t\t\t\t<div class=\"elementor-widget-container\">\n\t\t\t\t\t \n<div class=\"title_all_box d_flex dark_color\">\n            <h2 \n            class=\"font-54 animated-title_dark_color mb_0 animated-title\"\n            data-type=\"type_one\">\n            \n                                                <span class=\"typone\">Don\u2019t Hesitate <\/span>\n                                                                <span class=\"typone\">To Send Your <\/span>\n                                                                <span class=\"typone\">Message To Us<\/span>\n                                    <\/h2>\n    <\/div>\n\n\t\t\t\t<\/div>\n\t\t\t\t<\/div>\n\t\t\t\t<div class=\"elementor-element elementor-element-3920a4a elementor-widget elementor-widget-trimprim-contact-form-v1\" data-id=\"3920a4a\" data-element_type=\"widget\" data-e-type=\"widget\" data-widget_type=\"trimprim-contact-form-v1.default\">\n\t\t\t\t<div class=\"elementor-widget-container\">\n\t\t\t\t\t<section class=\"contact_form_box_all\"> \n                        \n<div class=\"wpcf7 no-js\" id=\"wpcf7-f3957-o1\" lang=\"en-US\" dir=\"ltr\" data-wpcf7-id=\"3957\">\n<div class=\"screen-reader-response\"><p role=\"status\" aria-live=\"polite\" aria-atomic=\"true\"><\/p> <ul><\/ul><\/div>\n<form action=\"\/hr\/wp-json\/wp\/v2\/pages\/14613#wpcf7-f3957-o1\" method=\"post\" class=\"wpcf7-form init\" aria-label=\"Contact form\" novalidate=\"novalidate\" data-status=\"init\" data-trp-original-action=\"\/hr\/wp-json\/wp\/v2\/pages\/14613#wpcf7-f3957-o1\">\n<fieldset class=\"hidden-fields-container\"><input type=\"hidden\" name=\"_wpcf7\" value=\"3957\" \/><input type=\"hidden\" name=\"_wpcf7_version\" value=\"6.1.4\" \/><input type=\"hidden\" name=\"_wpcf7_locale\" value=\"en_US\" \/><input type=\"hidden\" name=\"_wpcf7_unit_tag\" value=\"wpcf7-f3957-o1\" \/><input type=\"hidden\" name=\"_wpcf7_container_post\" value=\"0\" \/><input type=\"hidden\" name=\"_wpcf7_posted_data_hash\" value=\"\" \/>\n<\/fieldset>\n<div class=\"row\">\n\t<div class=\"col-lg-6 col-md-6 col-sm-12\">\n\t\t<p><label><br \/>\nName<br \/>\n<span class=\"wpcf7-form-control-wrap\" data-name=\"your-name\"><input size=\"40\" maxlength=\"400\" class=\"wpcf7-form-control wpcf7-text wpcf7-validates-as-required\" autocomplete=\"name\" aria-required=\"true\" aria-invalid=\"false\" placeholder=\"Enter name here\" value=\"\" type=\"text\" name=\"your-name\" \/><\/span><br \/>\n<\/label>\n\t\t<\/p>\n\t<\/div>\n\t<div class=\"col-lg-6 col-md-6 col-sm-12\">\n\t\t<p><label><br \/>\nEmail<br \/>\n<span class=\"wpcf7-form-control-wrap\" data-name=\"your-email\"><input size=\"40\" maxlength=\"400\" class=\"wpcf7-form-control wpcf7-email wpcf7-validates-as-required wpcf7-text wpcf7-validates-as-email\" autocomplete=\"email\" aria-required=\"true\" aria-invalid=\"false\" placeholder=\"Your email address\" value=\"\" type=\"email\" name=\"your-email\" \/><\/span><br \/>\n<\/label>\n\t\t<\/p>\n\t<\/div>\n\t<div class=\"col-lg-6 col-md-6 col-sm-12\">\n\t\t<p><label><br \/>\nPhone<br \/>\n<span class=\"wpcf7-form-control-wrap\" data-name=\"phone-number\"><input size=\"40\" maxlength=\"400\" minlength=\"6\" class=\"wpcf7-form-control wpcf7-tel wpcf7-validates-as-required wpcf7-text wpcf7-validates-as-tel\" aria-required=\"true\" aria-invalid=\"false\" placeholder=\"Your phone number\" value=\"\" type=\"tel\" name=\"phone-number\" \/><\/span><br \/>\n<\/label>\n\t\t<\/p>\n\t<\/div>\n\t<div class=\"col-lg-6 col-md-6 col-sm-12\">\n\t\t<p><label><br \/>\nCompany<br \/>\n<span class=\"wpcf7-form-control-wrap\" data-name=\"your-company\"><input size=\"40\" maxlength=\"400\" class=\"wpcf7-form-control wpcf7-text wpcf7-validates-as-required\" autocomplete=\"company\" aria-required=\"true\" aria-invalid=\"false\" placeholder=\"Your company name\" value=\"\" type=\"text\" name=\"your-company\" \/><\/span><br \/>\n<\/label>\n\t\t<\/p>\n\t<\/div>\n\t<div class=\"col-lg-12\">\n\t\t<p><label><br \/>\nMessage<br \/>\n<span class=\"wpcf7-form-control-wrap\" data-name=\"your-message\"><textarea cols=\"40\" rows=\"10\" maxlength=\"2000\" class=\"wpcf7-form-control wpcf7-textarea\" aria-invalid=\"false\" placeholder=\"Your message goes here...\" name=\"your-message\"><\/textarea><\/span><br \/>\n<\/label>\n\t\t<\/p>\n\t<\/div>\n\t<div class=\"col-lg-12\">\n\t\t<p><input class=\"wpcf7-form-control wpcf7-submit has-spinner\" type=\"submit\" value=\"Submit\" \/>\n\t\t<\/p>\n\t<\/div>\n<\/div><div class=\"wpcf7-response-output\" aria-hidden=\"true\"><\/div>\n<input type=\"hidden\" name=\"trp-form-language\" value=\"hr\"\/><\/form>\n<\/div>\n            <\/section> \n\t\t\t\t<\/div>\n\t\t\t\t<\/div>\n\t\t\t\t<\/div>\n\t\t\t\t\t<\/div>\n\t\t\t\t<\/div>\n\t\t<div class=\"elementor-element elementor-element-1cfbec8 e-con-full e-flex e-con e-parent\" data-id=\"1cfbec8\" data-element_type=\"container\" data-e-type=\"container\">\n\t\t\t\t<div class=\"elementor-element elementor-element-d28ea68 elementor-widget elementor-widget-google_maps\" data-id=\"d28ea68\" data-element_type=\"widget\" data-e-type=\"widget\" data-widget_type=\"google_maps.default\">\n\t\t\t\t\t\t\t<div class=\"elementor-custom-embed\">\n\t\t\t<iframe loading=\"lazy\"\n\t\t\t\t\tsrc=\"https:\/\/maps.google.com\/maps?q=Zagreb&#038;t=m&#038;z=13&#038;output=embed&#038;iwloc=near\"\n\t\t\t\t\ttitle=\"Zagreb\"\n\t\t\t\t\taria-label=\"Zagreb\"\n\t\t\t><\/iframe>\n\t\t<\/div>\n\t\t\t\t\t\t<\/div>\n\t\t\t\t<\/div>\n\t\t<div class=\"elementor-element elementor-element-b62c636 e-con-full e-flex e-con e-parent\" data-id=\"b62c636\" data-element_type=\"container\" data-e-type=\"container\">\n\t\t<div class=\"elementor-element elementor-element-b957fba e-con-full e-flex e-con e-child\" data-id=\"b957fba\" data-element_type=\"container\" data-e-type=\"container\" data-settings=\"{&quot;background_background&quot;:&quot;classic&quot;}\">\n\t\t<div class=\"elementor-element elementor-element-d5ef9d2 e-flex e-con-boxed e-con e-child\" data-id=\"d5ef9d2\" data-element_type=\"container\" data-e-type=\"container\" data-settings=\"{&quot;background_background&quot;:&quot;classic&quot;}\">\n\t\t\t\t\t<div class=\"e-con-inner\">\n\t\t<div class=\"elementor-element elementor-element-26d1ffa e-con-full e-flex e-con e-child\" data-id=\"26d1ffa\" data-element_type=\"container\" data-e-type=\"container\">\n\t\t\t\t<div class=\"elementor-element elementor-element-7e2a12b elementor-invisible elementor-widget elementor-widget-trimprim-title-v1\" data-id=\"7e2a12b\" data-element_type=\"widget\" data-e-type=\"widget\" data-settings=\"{&quot;_animation&quot;:&quot;fadeInUp&quot;}\" data-widget_type=\"trimprim-title-v1.default\">\n\t\t\t\t<div class=\"elementor-widget-container\">\n\t\t\t\t\t \r\n<div class=\"title_all_box d_flex style_one white_color\">\r\n                <h2 class=\"font-54 mb_15\">Dobrodo\u0161li u novu eru tehnologije<\/h2>\r\n    \r\n            <p class=\"text-18 mb_0\">Kroz inteligentna rje\u0161enja koja unapre\u0111uju poslovne procese i osiguravaju konkurentsku prednost. Na\u0161 cilj je izgraditi most izme\u0111u potreba tr\u017ei\u0161ta i naprednih tehnologija koje ih zadovoljavaju<\/p>\r\n    <\/div>\r\n\t\t\t\t<\/div>\n\t\t\t\t<\/div>\n\t\t\t\t<\/div>\n\t\t\t\t\t<\/div>\n\t\t\t\t<\/div>\n\t\t\t\t<div class=\"elementor-element elementor-element-754438c elementor-widget elementor-widget-trimprim-scroll-text\" data-id=\"754438c\" data-element_type=\"widget\" data-e-type=\"widget\" data-widget_type=\"trimprim-scroll-text.default\">\n\t\t\t\t<div class=\"elementor-widget-container\">\n\t\t\t\t\t        <div class=\"scroll_carousel_box scroll_carousel_box_text\" data-speed=\"8\" data-margin=\"20\" data-dir=\"ltr\">\n                            <div class=\"scroll_cbox\">\n                <div class=\"scroll_text_box d_flex align-items-center\">\n                                    <div class=\"content\">\n                        <div class=\"d_flex\">\n                                                    <i class=\"coreits-check11 color-white\"><\/i>\n                                                                                 \n                            <div class=\"font-20 color-white\">Inovativna rje\u0161enja, stvarni rezultati.<\/div>\n                                                                            <\/div>\n                                            <\/div>\n                <\/div>\n            <\/div>\n                        <div class=\"scroll_cbox\">\n                <div class=\"scroll_text_box d_flex align-items-center\">\n                                    <div class=\"content\">\n                        <div class=\"d_flex\">\n                                                    <i class=\"coreits-check11 color-white\"><\/i>\n                                                                                 \n                            <div class=\"font-20 color-white\">Pametna tehnologija za pametnije poslovanje.<\/div>\n                                                                            <\/div>\n                                            <\/div>\n                <\/div>\n            <\/div>\n                        <div class=\"scroll_cbox\">\n                <div class=\"scroll_text_box d_flex align-items-center\">\n                                    <div class=\"content\">\n                        <div class=\"d_flex\">\n                                                    <i class=\"coreits-check11 color-white\"><\/i>\n                                                                                 \n                            <div class=\"font-20 color-white\">Fleksibilni sustavi, prilago\u0111eni vama.<\/div>\n                                                                            <\/div>\n                                            <\/div>\n                <\/div>\n            <\/div>\n                        <div class=\"scroll_cbox\">\n                <div class=\"scroll_text_box d_flex align-items-center\">\n                                    <div class=\"content\">\n                        <div class=\"d_flex\">\n                                                    <i class=\"coreits-check11 color-white\"><\/i>\n                                                                                 \n                            <div class=\"font-20 color-white\">Sigurnost, u\u010dinkovitost, odr\u017eivost.<\/div>\n                                                                            <\/div>\n                                            <\/div>\n                <\/div>\n            <\/div>\n                        <div class=\"scroll_cbox\">\n                <div class=\"scroll_text_box d_flex align-items-center\">\n                                    <div class=\"content\">\n                        <div class=\"d_flex\">\n                                                    <i class=\"coreits-check11 color-white\"><\/i>\n                                                                                 \n                            <div class=\"font-20 color-white\">Stru\u010dna podr\u0161ka na svakom koraku.<\/div>\n                                                                            <\/div>\n                                            <\/div>\n                <\/div>\n            <\/div>\n                        <div class=\"scroll_cbox\">\n                <div class=\"scroll_text_box d_flex align-items-center\">\n                                    <div class=\"content\">\n                        <div class=\"d_flex\">\n                                                    <i class=\"coreits-check11 color-white\"><\/i>\n                                                                                 \n                            <div class=\"font-20 color-white\">Povezujemo potrebe i tehnologiju.<\/div>\n                                                                            <\/div>\n                                            <\/div>\n                <\/div>\n            <\/div>\n                        <div class=\"scroll_cbox\">\n                <div class=\"scroll_text_box d_flex align-items-center\">\n                                    <div class=\"content\">\n                        <div class=\"d_flex\">\n                                                    <i class=\"coreits-check11 color-white\"><\/i>\n                                                                                 \n                            <div class=\"font-20 color-white\">Napredna tehnologija, pojednostavljena.<\/div>\n                                                                            <\/div>\n                                            <\/div>\n                <\/div>\n            <\/div>\n                           \n        <\/div>\n        \t\t\t\t<\/div>\n\t\t\t\t<\/div>\n\t\t\t\t<\/div>\n\t\t\t\t<\/div>\n\t\t\t\t<\/div>","protected":false},"excerpt":{"rendered":"<p>JUST CONTACT US We\u2019d Love To Help You Address Visit Croatia, Zagreb Send a Mail Dont\u2019s hesitate to mail info@systemflow.com Make a Call Let\u2019s talk with our experts +385957159080 Don\u2019t Hesitate To Send Your Message To Us Name Email Phone Company Message We introduce you to a new era of technological development through intelligent solutions [&hellip;]<\/p>\n","protected":false},"author":1,"featured_media":0,"parent":0,"menu_order":0,"comment_status":"closed","ping_status":"closed","template":"template-homepage.php","meta":{"footnotes":""},"class_list":["post-14613","page","type-page","status-publish","hentry"],"_links":{"self":[{"href":"https:\/\/system-flow.com\/hr\/wp-json\/wp\/v2\/pages\/14613","targetHints":{"allow":["GET"]}}],"collection":[{"href":"https:\/\/system-flow.com\/hr\/wp-json\/wp\/v2\/pages"}],"about":[{"href":"https:\/\/system-flow.com\/hr\/wp-json\/wp\/v2\/types\/page"}],"author":[{"embeddable":true,"href":"https:\/\/system-flow.com\/hr\/wp-json\/wp\/v2\/users\/1"}],"replies":[{"embeddable":true,"href":"https:\/\/system-flow.com\/hr\/wp-json\/wp\/v2\/comments?post=14613"}],"version-history":[{"count":13,"href":"https:\/\/system-flow.com\/hr\/wp-json\/wp\/v2\/pages\/14613\/revisions"}],"predecessor-version":[{"id":14778,"href":"https:\/\/system-flow.com\/hr\/wp-json\/wp\/v2\/pages\/14613\/revisions\/14778"}],"wp:attachment":[{"href":"https:\/\/system-flow.com\/hr\/wp-json\/wp\/v2\/media?parent=14613"}],"curies":[{"name":"wp","href":"https:\/\/api.w.org\/{rel}","templated":true}]}}